{"id":50,"date":"2025-12-27T18:18:04","date_gmt":"2025-12-27T17:18:04","guid":{"rendered":"https:\/\/ipmspolska.home.pl\/paprykarz\/?page_id=50"},"modified":"2025-12-27T19:48:17","modified_gmt":"2025-12-27T18:48:17","slug":"kontakt","status":"publish","type":"page","link":"https:\/\/warszawskifestiwalmodelarski.pl\/en\/kontakt\/","title":{"rendered":"Contact"},"content":{"rendered":"<div class=\"wp-block-group alignfull is-layout-constrained wp-block-group-is-layout-constrained\" id=\"kontakt\">\n<h2 class=\"wp-block-heading\"><\/h2>\n\n\n\n<p><br>Festival office e-mail:&nbsp;<a href=\"mailto:andrzej.ligocki@ipmspolska.org.pl\">andrzej.ligocki@ipmspolska.org.pl<\/a><br>Marketplace office e-mail:&nbsp;<a href=\"mailto:tomasz.mankowski@ipmspolska.org.pl\">tomasz.mankowski@ipmspolska.org.pl<\/a><\/p>\n\n\n\n<p>You can find us on <a href=\"https:\/\/www.facebook.com\/warszawskifestiwalmodelarski\">Facebooku<\/a>.<\/p>\n<\/div>\n\n\n\n<p><\/p>\n\n\n\n<div class=\"wp-block-group alignfull is-layout-constrained wp-block-group-is-layout-constrained\" id=\"o-nas\">\n<p><\/p>\n<\/div>","protected":false},"excerpt":{"rendered":"<p>E-mail biura festiwalu:&nbsp;andrzej.ligocki@ipmspolska.org.plE-mail do obs\u0142ugi stoisk handlowych:&nbsp;tomasz.mankowski@ipmspolska.org.pl Znajdziesz nas r\u00f3wnie\u017c na Facebooku.<\/p>","protected":false},"author":3,"featured_media":0,"parent":0,"menu_order":0,"comment_status":"closed","ping_status":"closed","template":"","meta":{"ngg_post_thumbnail":0,"footnotes":""},"class_list":["post-50","page","type-page","status-publish","hentry"],"blocksy_meta":[],"_links":{"self":[{"href":"https:\/\/warszawskifestiwalmodelarski.pl\/en\/wp-json\/wp\/v2\/pages\/50","targetHints":{"allow":["GET"]}}],"collection":[{"href":"https:\/\/warszawskifestiwalmodelarski.pl\/en\/wp-json\/wp\/v2\/pages"}],"about":[{"href":"https:\/\/warszawskifestiwalmodelarski.pl\/en\/wp-json\/wp\/v2\/types\/page"}],"author":[{"embeddable":true,"href":"https:\/\/warszawskifestiwalmodelarski.pl\/en\/wp-json\/wp\/v2\/users\/3"}],"replies":[{"embeddable":true,"href":"https:\/\/warszawskifestiwalmodelarski.pl\/en\/wp-json\/wp\/v2\/comments?post=50"}],"version-history":[{"count":18,"href":"https:\/\/warszawskifestiwalmodelarski.pl\/en\/wp-json\/wp\/v2\/pages\/50\/revisions"}],"predecessor-version":[{"id":3003,"href":"https:\/\/warszawskifestiwalmodelarski.pl\/en\/wp-json\/wp\/v2\/pages\/50\/revisions\/3003"}],"wp:attachment":[{"href":"https:\/\/warszawskifestiwalmodelarski.pl\/en\/wp-json\/wp\/v2\/media?parent=50"}],"curies":[{"name":"wp","href":"https:\/\/api.w.org\/{rel}","templated":true}]}}