{"id":3005,"date":"2025-12-27T19:09:42","date_gmt":"2025-12-27T18:09:42","guid":{"rendered":"http:\/\/nowa.warszawskifestiwalmodelarski.pl\/?page_id=3005"},"modified":"2025-12-27T19:48:36","modified_gmt":"2025-12-27T18:48:36","slug":"lokalizacja","status":"publish","type":"page","link":"https:\/\/warszawskifestiwalmodelarski.pl\/en\/lokalizacja\/","title":{"rendered":"Location"},"content":{"rendered":"<p class=\"has-text-align-center\"><\/p>\n\n\n\n<figure class=\"wp-block-image aligncenter size-large\"><img loading=\"lazy\" decoding=\"async\" width=\"1024\" height=\"674\" src=\"http:\/\/nowa.warszawskifestiwalmodelarski.pl\/wp-content\/uploads\/2025\/12\/arena-1024x674.jpg\" alt=\"\" class=\"wp-image-3007\" srcset=\"https:\/\/warszawskifestiwalmodelarski.pl\/wp-content\/uploads\/2025\/12\/arena-1024x674.jpg 1024w, https:\/\/warszawskifestiwalmodelarski.pl\/wp-content\/uploads\/2025\/12\/arena-300x198.jpg 300w, https:\/\/warszawskifestiwalmodelarski.pl\/wp-content\/uploads\/2025\/12\/arena-768x506.jpg 768w, https:\/\/warszawskifestiwalmodelarski.pl\/wp-content\/uploads\/2025\/12\/arena-1536x1012.jpg 1536w, https:\/\/warszawskifestiwalmodelarski.pl\/wp-content\/uploads\/2025\/12\/arena.jpg 1960w\" sizes=\"auto, (max-width: 1024px) 100vw, 1024px\" \/><\/figure>\n\n\n\n<p class=\"has-text-align-center\">Hala widowiskowo-sportowa ARENA URSYN\u00d3W<br>ul. Pileckiego 122, 02-781 Warszawa<\/p>\n\n\n\n<figure class=\"wp-block-image aligncenter size-large\"><img loading=\"lazy\" decoding=\"async\" width=\"1024\" height=\"495\" src=\"http:\/\/nowa.warszawskifestiwalmodelarski.pl\/wp-content\/uploads\/2025\/12\/dojazd-1024x495.jpg\" alt=\"\" class=\"wp-image-3009\" srcset=\"https:\/\/warszawskifestiwalmodelarski.pl\/wp-content\/uploads\/2025\/12\/dojazd-1024x495.jpg 1024w, https:\/\/warszawskifestiwalmodelarski.pl\/wp-content\/uploads\/2025\/12\/dojazd-300x145.jpg 300w, https:\/\/warszawskifestiwalmodelarski.pl\/wp-content\/uploads\/2025\/12\/dojazd-768x371.jpg 768w, https:\/\/warszawskifestiwalmodelarski.pl\/wp-content\/uploads\/2025\/12\/dojazd.jpg 1215w\" sizes=\"auto, (max-width: 1024px) 100vw, 1024px\" \/><\/figure>\n\n\n\n<p class=\"has-text-align-center\"><strong>How to get<\/strong><\/p>\n\n\n\n<ul class=\"wp-block-list\">\n<li>from the north-east, north, west and south:<br>from the Warsaw Southern Bypass (S2) we take the \"Pu\u0142awska\" half-junction towards the \"Instytut Onkologii\" i na pierwszym skrzy\u017cowaniu za zjadem skr\u0119camy w prawo w ul.P\u0142askowickiej. and at the first intersection after the exit turn right into ul.P\u0142askowickiej. At the roundabout, turn left (direction \"Arena Ursyn\u00f3w\") into ul.Pileckiego.<\/li>\n\n\n\n<li>from the east and southeast:<br>from the Warsaw Southern Bypass (S2) we exit at the \"Wilan\u00f3w\" half-junction towards \"Instytut Onkologii \/ P\u0142askowickiej\" and go straight along ul.P\u0142askowickiej until the roundabout (intersection with ul.Pileckiego) where we turn right towards \"Arena Ursyn\u00f3w\".<\/li>\n<\/ul>\n\n\n\n<p class=\"has-text-align-center\"><\/p>\n\n\n\n<figure class=\"wp-block-image aligncenter size-full\"><img loading=\"lazy\" decoding=\"async\" width=\"731\" height=\"566\" src=\"http:\/\/nowa.warszawskifestiwalmodelarski.pl\/wp-content\/uploads\/2025\/12\/parkingi-1.jpg\" alt=\"\" class=\"wp-image-3010\" srcset=\"https:\/\/warszawskifestiwalmodelarski.pl\/wp-content\/uploads\/2025\/12\/parkingi-1.jpg 731w, https:\/\/warszawskifestiwalmodelarski.pl\/wp-content\/uploads\/2025\/12\/parkingi-1-300x232.jpg 300w\" sizes=\"auto, (max-width: 731px) 100vw, 731px\" \/><\/figure>\n\n\n\n<p class=\"has-text-align-center\">Public city parking lots (free of charge) are located on both sides along ul.Pileckiego, from ul.P\u0142askowickiej to ul.Ghandi<\/p>\n\n\n\n<p><\/p>","protected":false},"excerpt":{"rendered":"<p>Hala widowiskowo-sportowa ARENA URSYN\u00d3Wul. Pileckiego 122, 02-781 Warszawa Dojazd: Og\u00f3lnodost\u0119pne parkingi miejskie (bezp\u0142atne) znajduj\u0105 si\u0119 po obu stronach wzd\u0142u\u017c ul.Pileckiego pocz\u0105wszy od ul.P\u0142askowickiej a\u017c do ul.Ghandi.<\/p>","protected":false},"author":3,"featured_media":0,"parent":0,"menu_order":0,"comment_status":"closed","ping_status":"closed","template":"","meta":{"ngg_post_thumbnail":0,"footnotes":""},"class_list":["post-3005","page","type-page","status-publish","hentry"],"blocksy_meta":[],"_links":{"self":[{"href":"https:\/\/warszawskifestiwalmodelarski.pl\/en\/wp-json\/wp\/v2\/pages\/3005","targetHints":{"allow":["GET"]}}],"collection":[{"href":"https:\/\/warszawskifestiwalmodelarski.pl\/en\/wp-json\/wp\/v2\/pages"}],"about":[{"href":"https:\/\/warszawskifestiwalmodelarski.pl\/en\/wp-json\/wp\/v2\/types\/page"}],"author":[{"embeddable":true,"href":"https:\/\/warszawskifestiwalmodelarski.pl\/en\/wp-json\/wp\/v2\/users\/3"}],"replies":[{"embeddable":true,"href":"https:\/\/warszawskifestiwalmodelarski.pl\/en\/wp-json\/wp\/v2\/comments?post=3005"}],"version-history":[{"count":4,"href":"https:\/\/warszawskifestiwalmodelarski.pl\/en\/wp-json\/wp\/v2\/pages\/3005\/revisions"}],"predecessor-version":[{"id":3013,"href":"https:\/\/warszawskifestiwalmodelarski.pl\/en\/wp-json\/wp\/v2\/pages\/3005\/revisions\/3013"}],"wp:attachment":[{"href":"https:\/\/warszawskifestiwalmodelarski.pl\/en\/wp-json\/wp\/v2\/media?parent=3005"}],"curies":[{"name":"wp","href":"https:\/\/api.w.org\/{rel}","templated":true}]}}