{"id":2,"date":"2025-12-27T18:53:43","date_gmt":"2025-12-27T17:53:43","guid":{"rendered":"https:\/\/ipmspolska.home.pl\/paprykarz\/?page_id=2"},"modified":"2026-01-17T20:48:40","modified_gmt":"2026-01-17T19:48:40","slug":"strona-glowna","status":"publish","type":"page","link":"https:\/\/warszawskifestiwalmodelarski.pl\/en\/","title":{"rendered":"Strona g\u0142\u00f3wna"},"content":{"rendered":"<div class=\"wp-block-group alignfull has-palette-color-3-background-color has-background is-layout-constrained wp-block-group-is-layout-constrained\">\n<figure class=\"wp-block-image aligncenter size-full\"><img loading=\"lazy\" decoding=\"async\" width=\"400\" height=\"400\" src=\"http:\/\/nowa.warszawskifestiwalmodelarski.pl\/wp-content\/uploads\/2025\/12\/baba.jpg\" alt=\"Babaryba-2026\" class=\"wp-image-3063\" srcset=\"https:\/\/warszawskifestiwalmodelarski.pl\/wp-content\/uploads\/2025\/12\/baba.jpg 400w, https:\/\/warszawskifestiwalmodelarski.pl\/wp-content\/uploads\/2025\/12\/baba-300x300.jpg 300w, https:\/\/warszawskifestiwalmodelarski.pl\/wp-content\/uploads\/2025\/12\/baba-150x150.jpg 150w\" sizes=\"auto, (max-width: 400px) 100vw, 400px\" \/><\/figure>\n\n\n<h1 class=\"wp-block-site-title\"><a href=\"https:\/\/warszawskifestiwalmodelarski.pl\/en\" target=\"_self\" rel=\"home\">Babaryba<\/a><\/h1>\n\n\n<p>From 2023, the BABARYBA Warsaw Modeling Festival is financed solely by IPMS POLSKA (membership dues and funds raised from private sponsors) without support from local government authorities. Therefore, we ask all those wishing to support us in organizing the festival to make a donation by bank transfer to the following account: <br>IPMS POLSKA Polskie Stowarzyszenie Modelarzy Redukcyjnych<br><strong>BNP PARIBAS 38 1600 1462 1738 2933 0000 0001<br><\/strong>with a note: donation for statutory purposes, organization of the Warsaw Modeling Festival.<\/p>\n<\/div>\n\n\n\n<p><\/p>","protected":false},"excerpt":{"rendered":"<p>Od 2023 roku Warszawski Festiwal Modelarski BABARYBA finansowany jest jedynie ze \u015brodk\u00f3w IPMS POLSKA (ze sk\u0142adek cz\u0142onkowskich oraz funduszy pozyskanych od prywatnych sponsor\u00f3w) bez wsparcia lokalnych w\u0142adz samorz\u0105dowych. Dlatego te\u017c wszystkich chc\u0105cych wesprze\u0107 nas w organizacji festiwalu prosimy o przekazanie darowizny w postaci przelewu na konto: IPMS POLSKA Polskie Stowarzyszenie Modelarzy RedukcyjnychBNP PARIBAS 38 1600 [&hellip;]<\/p>","protected":false},"author":3,"featured_media":0,"parent":0,"menu_order":0,"comment_status":"closed","ping_status":"closed","template":"","meta":{"ngg_post_thumbnail":0,"footnotes":""},"class_list":["post-2","page","type-page","status-publish","hentry"],"blocksy_meta":{"has_hero_section":"disabled","styles_descriptor":{"styles":{"desktop":"","tablet":"","mobile":""},"google_fonts":[],"version":6}},"_links":{"self":[{"href":"https:\/\/warszawskifestiwalmodelarski.pl\/en\/wp-json\/wp\/v2\/pages\/2","targetHints":{"allow":["GET"]}}],"collection":[{"href":"https:\/\/warszawskifestiwalmodelarski.pl\/en\/wp-json\/wp\/v2\/pages"}],"about":[{"href":"https:\/\/warszawskifestiwalmodelarski.pl\/en\/wp-json\/wp\/v2\/types\/page"}],"author":[{"embeddable":true,"href":"https:\/\/warszawskifestiwalmodelarski.pl\/en\/wp-json\/wp\/v2\/users\/3"}],"replies":[{"embeddable":true,"href":"https:\/\/warszawskifestiwalmodelarski.pl\/en\/wp-json\/wp\/v2\/comments?post=2"}],"version-history":[{"count":43,"href":"https:\/\/warszawskifestiwalmodelarski.pl\/en\/wp-json\/wp\/v2\/pages\/2\/revisions"}],"predecessor-version":[{"id":3110,"href":"https:\/\/warszawskifestiwalmodelarski.pl\/en\/wp-json\/wp\/v2\/pages\/2\/revisions\/3110"}],"wp:attachment":[{"href":"https:\/\/warszawskifestiwalmodelarski.pl\/en\/wp-json\/wp\/v2\/media?parent=2"}],"curies":[{"name":"wp","href":"https:\/\/api.w.org\/{rel}","templated":true}]}}